{"id":5276,"date":"2026-02-06T13:54:21","date_gmt":"2026-02-06T18:54:21","guid":{"rendered":"https:\/\/sima-dss.net\/orinoquiasuenafuerte\/?page_id=5276"},"modified":"2026-02-06T13:56:34","modified_gmt":"2026-02-06T18:56:34","slug":"terminos-y-condiciones-politicas-de-privacidad-y-politicas-de-cookies","status":"publish","type":"page","link":"https:\/\/sima-dss.net\/orinoquiasuenafuerte\/terminos-y-condiciones-politicas-de-privacidad-y-politicas-de-cookies\/","title":{"rendered":"T\u00e9rminos y condiciones, pol\u00edticas de privacidad y pol\u00edticas de cookies"},"content":{"rendered":"\t\t<div data-elementor-type=\"wp-page\" data-elementor-id=\"5276\" class=\"elementor elementor-5276\" data-elementor-post-type=\"page\">\n\t\t\t\t<div class=\"elementor-element elementor-element-7ffef3d e-con-full e-flex e-con e-parent\" data-id=\"7ffef3d\" data-element_type=\"container\" data-e-type=\"container\">\n\t\t<div class=\"elementor-element elementor-element-889748e e-con-full e-flex e-con e-child\" data-id=\"889748e\" data-element_type=\"container\" data-e-type=\"container\">\n\t\t<div class=\"elementor-element elementor-element-56b52dd e-con-full e-flex e-con e-child\" data-id=\"56b52dd\" data-element_type=\"container\" data-e-type=\"container\" data-settings=\"{&quot;background_background&quot;:&quot;classic&quot;}\" data-logo=\"#DCE7D7\" data-bg-video=\"https:\/\/sima-dss.net\/orinoquiasuenafuerte\/wp-content\/uploads\/2025\/09\/1242490_Jungle_Tropical_1920x1080.mp4\">\n\t\t\t\t<div class=\"elementor-element elementor-element-1d7ead5 elementor-widget elementor-widget-heading\" data-id=\"1d7ead5\" data-element_type=\"widget\" data-e-type=\"widget\" data-widget_type=\"heading.default\">\n\t\t\t\t\t<h1 class=\"elementor-heading-title elementor-size-default\">T\u00e9rminos y condiciones, pol\u00edticas de privacidad y pol\u00edticas de cookies<\/h1>\t\t\t\t<\/div>\n\t\t\t\t<div class=\"elementor-element elementor-element-5c6603c elementor-widget elementor-widget-text-editor\" data-id=\"5c6603c\" data-element_type=\"widget\" data-e-type=\"widget\" data-widget_type=\"text-editor.default\">\n\t\t\t\t\t\t\t\t\t<h2>1. T\u00e9rminos y condiciones<\/h2><p>Al acceder y navegar por este sitio, el usuario acepta los presentes t\u00e9rminos y condiciones.<\/p><p>Este sitio web tiene fines informativos y busca promover el conocimiento sobre la Orinoqu\u00eda y la planificaci\u00f3n sostenible con herramientas de apoyo como SIMA DSS.<\/p><p>Al usar esta p\u00e1gina, aceptas que:<\/p><ul><li>El contenido es solo de car\u00e1cter informativo.<\/li><li>SIMA Orinoqu\u00eda no se responsabiliza por interpretaciones o usos externos de la informaci\u00f3n publicada.<\/li><li>Nuestro contenido est\u00e1 protegido por derechos de autor y no puede reproducirse sin autorizaci\u00f3n.<\/li><li>El acceso y uso de este sitio web es responsabilidad exclusiva del usuario.<\/li><\/ul><h2>2. Pol\u00edtica de Privacidad<\/h2><p>Esta p\u00e1gina <strong>no solicita ni recopila datos personales directamente<\/strong> a trav\u00e9s de formularios.<\/p><p>Sin embargo, el servidor puede registrar datos t\u00e9cnicos b\u00e1sicos (como tipo de navegador o IP) con fines estad\u00edsticos o t\u00e9cnicos. Podr\u00edan usarse herramientas externas que recopilan informaci\u00f3n an\u00f3nima para mejorar la experiencia. Estos datos <strong>no permiten identificar personalmente<\/strong> a quienes visitan la p\u00e1gina.<\/p><h2>3. Pol\u00edtica de Cookies<\/h2><p>Este sitio web utiliza <strong>cookies t\u00e9cnicas necesarias<\/strong> para que funcione correctamente. No usamos cookies de terceros para fines de publicidad.<\/p><p>Puedes ajustar o desactivar las cookies desde tu navegador. La desactivaci\u00f3n de cookies puede afectar algunas funciones del sitio.<\/p>\t\t\t\t\t\t\t\t<\/div>\n\t\t\t\t<\/div>\n\t\t\t\t<\/div>\n\t\t<div class=\"elementor-element elementor-element-10d1b5c e-con-full elementor-hidden-mobile e-flex e-con e-child\" data-id=\"10d1b5c\" data-element_type=\"container\" data-e-type=\"container\" data-settings=\"{&quot;sticky&quot;:&quot;top&quot;,&quot;sticky_on&quot;:[&quot;desktop&quot;,&quot;tablet&quot;],&quot;background_background&quot;:&quot;classic&quot;,&quot;sticky_offset&quot;:0,&quot;sticky_effects_offset&quot;:0,&quot;sticky_anchor_link_offset&quot;:0}\">\n\t\t\t\t<div class=\"elementor-element elementor-element-fe563f5 elementor-view-default elementor-widget elementor-widget-icon\" data-id=\"fe563f5\" data-element_type=\"widget\" data-e-type=\"widget\" id=\"logo\" data-widget_type=\"icon.default\">\n\t\t\t\t\t\t\t<div class=\"elementor-icon-wrapper\">\n\t\t\t<div class=\"elementor-icon\">\n\t\t\t<svg xmlns=\"http:\/\/www.w3.org\/2000\/svg\" width=\"246\" height=\"360\" viewBox=\"0 0 246 360\" fill=\"none\"><path d=\"M140.295 325.234C142.582 325.234 144.385 327.118 144.385 329.324V351.332C144.385 353.619 142.582 355.502 140.29 355.502H139.72L142.335 360H137.18L134.564 355.502H133.994C131.788 355.502 129.905 353.618 129.905 351.326V329.318C129.905 327.112 131.788 325.23 133.994 325.229H140.295V325.234ZM65.9229 325.234C68.2151 325.234 70.0127 327.118 70.0127 329.324V351.332C70.0125 353.619 68.2149 355.502 65.9229 355.502H59.6221C57.4159 355.502 55.5322 353.618 55.5322 351.326V329.318C55.5323 327.112 57.416 325.229 59.6221 325.229H65.9229V325.234ZM123.904 325.234C126.196 325.234 127.993 327.118 127.993 329.324V351.332C127.993 353.619 126.196 355.502 123.904 355.502H117.604C115.397 355.502 113.514 353.618 113.514 351.326V329.318C113.514 327.112 115.397 325.229 117.604 325.229H123.904V325.234ZM152.306 350.998H154.84V325.229H160.812V351.326C160.812 353.618 158.93 355.502 156.724 355.502H150.423C148.136 355.502 146.333 353.618 146.333 351.326V325.229H152.306V350.998ZM82.4385 325.229C84.7253 325.229 86.5282 327.112 86.5283 329.318V338.644C86.5283 340.527 85.0538 342.571 83.0898 342.571L86.5283 355.496H80.4746L78.0215 343.309V355.496H72.0488V325.229H82.4385ZM94.1504 355.496H88.1777V325.229H94.1504V355.496ZM105.837 340.446L105.595 325.229H111.487V355.496H106.252L102.081 344.207L102.323 355.496H96.3506V325.229H100.521L105.837 340.446ZM168.797 355.496H162.904V325.229H168.797V355.496ZM181.748 325.229L186.247 355.496H180.112L179.704 351.487H176.271L175.861 355.496H169.728L174.226 325.229H181.748ZM61.5049 350.998H64.04V329.728H61.5049V350.998ZM119.486 350.998H122.021V329.728H119.486V350.998ZM135.878 350.998H138.412V329.728H135.878V350.998ZM176.68 346.333H179.3L177.992 332.343L176.68 346.333ZM78.0215 338.154H80.6367V329.728H78.0215V338.154ZM165.439 324.164H162.329L164.293 318.11H169.367L165.439 324.164ZM32.2852 0C39.3986 5.48922e-05 44.9941 5.8494 44.9941 12.71V33.5713L26.6895 28.7393V13.9951H18.5527V25.1768C18.5527 37.3805 44.9941 46.5285 44.9941 71.1943V81.1055C44.9941 84.7967 43.4883 88.1441 41.0508 90.5117L49.9023 113.735H56.4131V130.813L64.0371 150.82V113.729H65.1348L59.0547 93.2129C54.2657 91.335 50.9297 86.5993 50.9297 81.1055V0H69.4824V80.083H77.3662V0H95.9238V81.1055C95.9238 82.6175 95.661 84.0708 95.1768 85.4268L98.7705 113.729H114.079L113.245 94.0625H103.199V0H138.035V13.9844H121.758V40.1738H134.478V53.8945H121.758V80.083H138.035V94.0625H132.207L131.373 113.735H146.682L149.179 94.0625H142.969V0H155.937L172.45 47.2812L171.687 0H189.992V94.0625H186.134L180.307 113.729H195.54L203.035 94.0625H193.624L207.609 0H231L244.29 89.3926H244.387L244.312 89.5264L244.984 94.0625H241.777L230.795 113.729H245.63V127.241H229.896V152.568H242.197V165.838H229.896V191.166H245.641V204.688H211.951V147.483L198.859 170.928V204.688H180.904V203.084L131.33 291.874L126.601 299.176L129.748 292.552L180.904 200.927V182.572L129.732 292.449L125.853 299.498L128.307 293.062L180.904 180.119V155.017L166.37 193.156L169.438 204.688H161.974L128.301 293.058L125.175 299.778L127.01 293.585L160.882 204.693H153.354L127.01 293.585L124.562 300.015L125.831 294.01L152.3 204.693H151.239L148.07 188.948L125.831 294.01L123.996 300.198L124.744 294.316L143.717 204.688H136.13L124.744 294.316L123.475 300.321L123.722 294.511L135.129 204.693H127.526L123.722 294.511L122.974 300.386L122.727 294.575L126.53 204.693H125.923V113.729H130.383L131.217 94.0576H114.235L115.069 113.725H121.925V127.246H115.64L116.711 152.574H118.48V165.844H117.275L118.347 191.171H121.925V204.693H118.922L122.727 294.586L122.479 300.396L121.73 294.521L117.927 204.693H110.318L121.726 294.521L121.973 300.332L120.703 294.333L109.317 204.693H101.725L120.703 294.333L121.451 300.209L119.616 294.021L100.708 204.693H93.1426L119.616 294.021L120.886 300.025L118.438 293.596L92.0879 204.693H88.2295V191.677L81.9775 170.573V192.161C81.9775 193.56 81.74 194.905 81.3096 196.164L118.438 293.596L120.272 299.789L117.141 293.068L80.7451 197.553C79.5775 199.99 77.6561 201.998 75.3154 203.257L117.141 293.068L119.595 299.504L115.715 292.455L74.3848 203.708C72.9266 204.343 71.3393 204.698 69.6875 204.698H67.417L115.715 292.455L118.847 299.181L114.139 291.766L66.2168 204.698H50.752C43.8753 204.698 38.4619 199.043 38.4619 192.155V154.27L23.5898 127.246H20.415V152.574H32.958V165.844H20.415V204.693H2.46973V113.729H16.1533L1.90527 87.8369C1.71158 87.5249 1.53886 87.2022 1.37207 86.874L0.177734 84.7051H0.521484C0.182571 83.5591 0 82.3483 0 81.0947V60.502L18.5527 65.334V80.0781H26.6895V68.8965C26.6895 56.6927 0 47.5447 0 22.8789V12.71C0 5.84937 5.84939 0 12.71 0H32.2852ZM143.867 203.993L147.575 186.484L143.867 168.065V203.993ZM169.438 150.438V154.049C169.437 157.234 168.027 160.576 165.746 162.89L161.829 176.1L165.918 191.478L165.924 191.473L180.904 152.154V127.246H176.309L169.438 150.438ZM56.4131 191.171H58.7754L56.4131 186.877V191.171ZM56.4131 184.703L59.9746 191.171H64.0371V181.48L56.4131 165.111V184.703ZM106.18 191.171H107.606L106.18 179.957V191.171ZM106.18 172.08L108.606 191.171H117.356L116.285 165.844H106.18V172.08ZM81.9824 167.021L88.2354 188.125V145.768L81.9824 116.221V167.021ZM56.4131 162.663L64.0371 179.032V153.688L56.4131 133.682V162.663ZM164.336 164.095C162.819 165.187 161.043 165.854 159.106 165.854L161.334 174.227L164.336 164.095ZM209.912 120.283V127.246H206.667L198.854 144.029V168.781L211.946 145.337V115.92L209.912 120.283ZM143.862 143.766V152.579H151.729V127.252H145.961L143.862 143.766ZM106.18 152.574H115.721L114.649 127.246H106.18V152.574ZM36.1484 127.252H24.7891V127.257L38.4678 152.106V126.585L36.1484 121.607V127.252ZM161.533 94.0625H150.174L147.677 113.735H157.143C159.149 113.735 161.032 114.22 162.689 115.064L169.114 84.7051H170.132L170.1 84.8613L163.6 115.581C167.118 117.776 169.432 121.689 169.432 126.025V146.887L175.254 127.252H169.841V113.729H179.263L185.09 94.0625H173.731L160.769 58.9795L161.533 94.0625ZM198.854 141.581L205.526 127.252H198.854V141.581ZM94.3965 87.1855C92.2226 91.2642 87.9607 94.0678 83.2148 94.0732H78.3125L88.2354 140.94V113.729H97.7695L94.3965 87.1855ZM143.867 135.888L144.965 127.252H143.867V135.888ZM245.63 127.252V127.241H245.641L245.63 127.252ZM40.2324 91.2324C38.0694 92.9973 35.3199 94.0625 32.2852 94.0625H24.4609L33.6191 113.729H36.1436V119.153L38.4619 124.131V113.729H48.8047L40.2324 91.2324ZM212.699 94.0625H204.139L196.643 113.729H209.917V117.835L225.032 85.3779L224.645 81.6064H213.975L212.699 94.0625ZM5.04199 91.3721L17.3477 113.729H32.4844L23.3262 94.0625H12.71C9.8636 94.0625 7.19429 93.0513 5.04199 91.3672V91.3721ZM212.963 113.729H229.59L240.569 94.0684H225.915L225.231 87.3906L212.963 113.729ZM66.1846 113.725H81.4502L77.29 94.0684H63.6338C62.4501 94.0684 61.3041 93.9063 60.2227 93.5996L66.1846 113.725ZM215.233 65.5869H223.369L219.307 22.1152L215.233 65.5869Z\" fill=\"white\"><\/path><\/svg>\t\t\t<\/div>\n\t\t<\/div>\n\t\t\t\t\t\t<\/div>\n\t\t\t\t<\/div>\n\t\t\t\t<\/div>\n\t\t\t\t<\/div>\n\t\t","protected":false},"excerpt":{"rendered":"<p>T\u00e9rminos y condiciones, pol\u00edticas de privacidad y pol\u00edticas de cookies 1. T\u00e9rminos y condiciones Al acceder y navegar por este sitio, el usuario acepta los presentes t\u00e9rminos y condiciones. Este sitio web tiene fines informativos y busca promover el conocimiento sobre la Orinoqu\u00eda y la planificaci\u00f3n sostenible con herramientas de apoyo como SIMA DSS. Al [&hellip;]<\/p>\n","protected":false},"author":1,"featured_media":0,"parent":0,"menu_order":0,"comment_status":"closed","ping_status":"closed","template":"","meta":{"footnotes":""},"class_list":["post-5276","page","type-page","status-publish","hentry"],"_links":{"self":[{"href":"https:\/\/sima-dss.net\/orinoquiasuenafuerte\/wp-json\/wp\/v2\/pages\/5276","targetHints":{"allow":["GET"]}}],"collection":[{"href":"https:\/\/sima-dss.net\/orinoquiasuenafuerte\/wp-json\/wp\/v2\/pages"}],"about":[{"href":"https:\/\/sima-dss.net\/orinoquiasuenafuerte\/wp-json\/wp\/v2\/types\/page"}],"author":[{"embeddable":true,"href":"https:\/\/sima-dss.net\/orinoquiasuenafuerte\/wp-json\/wp\/v2\/users\/1"}],"replies":[{"embeddable":true,"href":"https:\/\/sima-dss.net\/orinoquiasuenafuerte\/wp-json\/wp\/v2\/comments?post=5276"}],"version-history":[{"count":4,"href":"https:\/\/sima-dss.net\/orinoquiasuenafuerte\/wp-json\/wp\/v2\/pages\/5276\/revisions"}],"predecessor-version":[{"id":5280,"href":"https:\/\/sima-dss.net\/orinoquiasuenafuerte\/wp-json\/wp\/v2\/pages\/5276\/revisions\/5280"}],"wp:attachment":[{"href":"https:\/\/sima-dss.net\/orinoquiasuenafuerte\/wp-json\/wp\/v2\/media?parent=5276"}],"curies":[{"name":"wp","href":"https:\/\/api.w.org\/{rel}","templated":true}]}}